{"id":697,"date":"2021-05-24T19:18:21","date_gmt":"2021-05-24T17:18:21","guid":{"rendered":"https:\/\/www.onkelhermanns.at\/?page_id=697"},"modified":"2021-06-08T10:42:33","modified_gmt":"2021-06-08T08:42:33","slug":"impressum","status":"publish","type":"page","link":"https:\/\/www.onkelhermanns.at\/?page_id=697","title":{"rendered":"IMPRESSUM"},"content":{"rendered":"\n<div class=\"wp-block-columns is-layout-flex wp-container-core-columns-is-layout-9d6595d7 wp-block-columns-is-layout-flex\">\n<div class=\"wp-block-column is-layout-flow wp-block-column-is-layout-flow\" style=\"flex-basis:100%\">\n<div class=\"wp-block-group\"><div class=\"wp-block-group__inner-container is-layout-flow wp-block-group-is-layout-flow\">\n<div class=\"wp-block-group\"><div class=\"wp-block-group__inner-container is-layout-flow wp-block-group-is-layout-flow\">\n<figure class=\"wp-block-table is-style-regular\"><table><thead><tr><td><strong>Impressum<\/strong><\/td><td><strong>Onkel Hermanns<\/strong><br>Hermann Schn\u00f6tzinger<\/td><\/tr><\/thead><tbody><tr><td>Adresse<\/td><td>Parkgasse 7<\/td><\/tr><tr><td>PLZ<\/td><td>2020<\/td><\/tr><tr><td>Ort<\/td><td>Hollabrunn <\/td><\/tr><tr><td>Unternehmensgegenstand<\/td><td>Landwirtschaftlicher Betrieb<\/td><\/tr><tr><td>E-Mail<\/td><td><a href=\"mailto:office@onkelhermanns.at\"><strong>office@onkelhermanns.at<\/strong><\/a><\/td><\/tr><tr><td>Webseite<\/td><td><a href=\"https:\/\/www.onkelhermanns.at\"><strong>www.onkelhermanns.at<\/strong><\/a><\/td><\/tr><tr><td>Mitgliedschaften<\/td><td><a href=\"https:\/\/noe.lko.at\/\"><strong>Landwirtschaftskammer Nieder\u00f6sterreich<\/strong><\/a><\/td><\/tr><tr><td>Rechtsvorschriften<\/td><td>Gewerbeordnung<\/td><\/tr><tr><td>Aufsichtsbeh\u00f6rde<\/td><td>Bezirkshauptmannschaft Hollabrunn<\/td><\/tr><tr><td>Verleihungsstaat<\/td><td>\u00d6sterreich<\/td><\/tr><\/tbody><\/table><\/figure>\n<\/div><\/div>\n<\/div><\/div>\n<\/div>\n<\/div>\n\n\n\n<p class=\"has-custom-font\" style=\"font-family:Asap;font-size:26px\"><span class=\"uppercase\">Haftungsausschluss<\/span><\/p>\n\n\n\n<p class=\"has-custom-font\" style=\"font-family:Asap;font-size:14px\">Auf unserer Website findest du Verweise (Hyperlinks) zu anderen Internetseiten. F\u00fcr alle diese Links gilt, dass wir keinerlei Einfluss auf die Gestaltung und die Inhalte haben. Daher \u00fcbernehmen wir keine Verantwortung f\u00fcr den Inhalt und die Gestaltung dieser Seiten. Diese Erkl\u00e4rung gilt f\u00fcr alle auf unserer Homepage angezeigten externen Verweise.<\/p>\n","protected":false},"excerpt":{"rendered":"<p>Impressum Onkel HermannsHermann Schn\u00f6tzinger Adresse Parkgasse 7 PLZ 2020 Ort Hollabrunn Unternehmensgegenstand Landwirtschaftlicher Betrieb E-Mail office@onkelhermanns.at Webseite www.onkelhermanns.at Mitgliedschaften Landwirtschaftskammer Nieder\u00f6sterreich Rechtsvorschriften Gewerbeordnung Aufsichtsbeh\u00f6rde Bezirkshauptmannschaft Hollabrunn Verleihungsstaat \u00d6sterreich Haftungsausschluss Auf unserer Website findest du Verweise (Hyperlinks) zu anderen Internetseiten. F\u00fcr alle diese Links gilt, dass wir keinerlei Einfluss auf die Gestaltung und die Inhalte haben. [&hellip;]<\/p>\n","protected":false},"author":3,"featured_media":0,"parent":0,"menu_order":0,"comment_status":"closed","ping_status":"closed","template":"","meta":{"_coblocks_attr":"Asap,Asap","_coblocks_dimensions":"","_coblocks_responsive_height":"","_coblocks_accordion_ie_support":"","footnotes":""},"class_list":["post-697","page","type-page","status-publish","hentry"],"_links":{"self":[{"href":"https:\/\/www.onkelhermanns.at\/index.php?rest_route=\/wp\/v2\/pages\/697","targetHints":{"allow":["GET"]}}],"collection":[{"href":"https:\/\/www.onkelhermanns.at\/index.php?rest_route=\/wp\/v2\/pages"}],"about":[{"href":"https:\/\/www.onkelhermanns.at\/index.php?rest_route=\/wp\/v2\/types\/page"}],"author":[{"embeddable":true,"href":"https:\/\/www.onkelhermanns.at\/index.php?rest_route=\/wp\/v2\/users\/3"}],"replies":[{"embeddable":true,"href":"https:\/\/www.onkelhermanns.at\/index.php?rest_route=%2Fwp%2Fv2%2Fcomments&post=697"}],"version-history":[{"count":14,"href":"https:\/\/www.onkelhermanns.at\/index.php?rest_route=\/wp\/v2\/pages\/697\/revisions"}],"predecessor-version":[{"id":1151,"href":"https:\/\/www.onkelhermanns.at\/index.php?rest_route=\/wp\/v2\/pages\/697\/revisions\/1151"}],"wp:attachment":[{"href":"https:\/\/www.onkelhermanns.at\/index.php?rest_route=%2Fwp%2Fv2%2Fmedia&parent=697"}],"curies":[{"name":"wp","href":"https:\/\/api.w.org\/{rel}","templated":true}]}}