{"id":418,"date":"2021-05-13T14:14:57","date_gmt":"2021-05-13T12:14:57","guid":{"rendered":"https:\/\/www.onkelhermanns.at\/?page_id=418"},"modified":"2026-04-17T08:31:04","modified_gmt":"2026-04-17T06:31:04","slug":"start","status":"publish","type":"page","link":"https:\/\/www.onkelhermanns.at\/","title":{"rendered":"Start"},"content":{"rendered":"\n<p class=\"has-asap-font-family has-custom-font\" style=\"font-family:Asap;font-size:16px\">\u201eServas\u201c und \u201eHerzlich willkommen\u201c von <strong><a href=\"https:\/\/www.onkelhermanns.at\/?page_id=36\">Onkel Hermann und seinem Team<\/a><\/strong>. Wir freuen uns, dass du unsere Homepage besuchst! Hier erf\u00e4hrst du alles \u00fcber Onkel Hermanns Produkte und kannst vielleicht die eine oder andere Information \u00fcber die Arbeit von Onkel Hermann mitnehmen.<\/p>\n\n\n\n<p class=\"has-asap-font-family has-custom-font\" style=\"font-family:Asap;font-size:16px\">Vielleicht hattest du bis jetzt mit einer Landwirtschaft noch nicht viele Ber\u00fchrungspunkte bzw. musstest dich auch schon das eine oder andere Mal \u00fcber einen Traktor auf der Stra\u00dfe oder in der Stadt \u00e4rgern und hast dir dabei gedacht: \u201eMuss der denn hier spazieren fahren &#8211; kann der nicht am Feldweg fahren?\u201c<\/p>\n\n\n\n<p class=\"has-asap-font-family has-custom-font\" style=\"font-family:Asap;font-size:16px\">Tats\u00e4chlich haben wir alle mit der Landwirtschaft mehr zu tun, als uns bewusst ist. So, wie der Strom nicht einfach aus der Steckdose kommt, entspringen Lebensmittel nicht fix und fertig aus der Verpackung. Es ist ein gro\u00dfes St\u00fcck Arbeit, bis B\u00f6den vorbereitet sind, angebaut wurde, die \u201ePflanzerl\u201c gepflegt und bis zur Ernte von Sch\u00e4dlingen und Wettereinfl\u00fcssen gesch\u00fctzt werden, und zu Guter Letzt die Produkte gelagert und abgepackt werden und schlussendlich f\u00fcr den Kunden fertig im Regal stehen.<\/p>\n\n\n\n<p class=\"has-asap-font-family has-custom-font\" style=\"font-family:Asap;font-size:16px\">Wir alle konsumieren die Produkte der Landwirtschaft &#8211; im besten Fall nat\u00fcrlich Produkte, die aus der eigenen Region kommen, und einen kurzen &#8222;Anfahrtsweg&#8220; haben.<\/p>\n\n\n\n<p class=\"has-asap-font-family has-custom-font\" style=\"font-family:Asap;font-size:16px\">Wer Hermann kennt, wei\u00df, dass die Arbeit in der Natur seine Leidenschaft ist. Nur Produkte mit bester Qualit\u00e4t verlassen seine Landwirtschaft und werden zum Verkauf angeboten. Aber nicht nur Kunden, auch viele Berufskollegen fragen Onkel Hermann um Rat, wenn es um die Bodenbewirtschaftung oder den Umgang mit Maschinen geht. Weit \u00fcber die regionalen Grenzen hinweg kennt jeder das Motto von Hermann:<\/p>\n\n\n\n<p class=\"has-text-align-center has-asap-font-family has-custom-font\" style=\"font-family:Asap;font-size:16px\">\u201eGeht ned &#8211; gibts ned!\u201c<\/p>\n\n\n\n<p class=\"has-asap-font-family has-custom-font\" style=\"font-family:Asap;font-size:16px\">Es wird so lange probiert, geschraubt und getestet, bis es funktioniert &#8211; und das zu 100%.<\/p>\n\n\n\n<p class=\"has-asap-font-family has-custom-font\" style=\"font-family:Asap;font-size:16px\">Unser Team besteht jedoch nicht nur aus Personen, die in der Landwirtschaft direkt t\u00e4tig sind. Durch unsere breit gef\u00e4cherten T\u00e4tigkeiten und Interessen, von Marketing bis hin zur Steuerberatung, kann jeder seinen Teil beitragen.<\/p>\n\n\n\n<p class=\"has-asap-font-family has-custom-font\" style=\"font-family:Asap;font-size:16px\">Haben wir ein klein wenig euer Interesse f\u00fcr die Landwirtschaft geweckt? Sehr gut&nbsp; &#8211; dann empfehlen wir euch dringend, einen Blick in unseren \u201eBauernkalender\u201c zu werfen. Hier werden wir euch mit jeder Menge Infos versorgen und mit so manchen Mythen und \u201eG\u2019schichteln\u201c \u00fcber Bauern und die Landwirtschaft aufr\u00e4umen &#8211; aus der Sicht von Hermann, aber auch aus der Perspektive von denjenigen, die bis jetzt an \u201elila K\u00fche\u201c geglaubt haben\u2026 <\/p>\n","protected":false},"excerpt":{"rendered":"<p>\u201eServas\u201c und \u201eHerzlich willkommen\u201c von Onkel Hermann und seinem Team. Wir freuen uns, dass du unsere Homepage besuchst! Hier erf\u00e4hrst du alles \u00fcber Onkel Hermanns Produkte und kannst vielleicht die eine oder andere Information \u00fcber die Arbeit von Onkel Hermann mitnehmen. Vielleicht hattest du bis jetzt mit einer Landwirtschaft noch nicht viele Ber\u00fchrungspunkte bzw. musstest [&hellip;]<\/p>\n","protected":false},"author":2,"featured_media":283,"parent":0,"menu_order":0,"comment_status":"closed","ping_status":"closed","template":"","meta":{"_coblocks_attr":"Asap,Asap","_coblocks_dimensions":"","_coblocks_responsive_height":"","_coblocks_accordion_ie_support":"","footnotes":""},"class_list":["post-418","page","type-page","status-publish","has-post-thumbnail","hentry"],"_links":{"self":[{"href":"https:\/\/www.onkelhermanns.at\/index.php?rest_route=\/wp\/v2\/pages\/418","targetHints":{"allow":["GET"]}}],"collection":[{"href":"https:\/\/www.onkelhermanns.at\/index.php?rest_route=\/wp\/v2\/pages"}],"about":[{"href":"https:\/\/www.onkelhermanns.at\/index.php?rest_route=\/wp\/v2\/types\/page"}],"author":[{"embeddable":true,"href":"https:\/\/www.onkelhermanns.at\/index.php?rest_route=\/wp\/v2\/users\/2"}],"replies":[{"embeddable":true,"href":"https:\/\/www.onkelhermanns.at\/index.php?rest_route=%2Fwp%2Fv2%2Fcomments&post=418"}],"version-history":[{"count":10,"href":"https:\/\/www.onkelhermanns.at\/index.php?rest_route=\/wp\/v2\/pages\/418\/revisions"}],"predecessor-version":[{"id":1452,"href":"https:\/\/www.onkelhermanns.at\/index.php?rest_route=\/wp\/v2\/pages\/418\/revisions\/1452"}],"wp:featuredmedia":[{"embeddable":true,"href":"https:\/\/www.onkelhermanns.at\/index.php?rest_route=\/wp\/v2\/media\/283"}],"wp:attachment":[{"href":"https:\/\/www.onkelhermanns.at\/index.php?rest_route=%2Fwp%2Fv2%2Fmedia&parent=418"}],"curies":[{"name":"wp","href":"https:\/\/api.w.org\/{rel}","templated":true}]}}