{"id":36,"date":"2021-04-17T17:59:17","date_gmt":"2021-04-17T15:59:17","guid":{"rendered":"http:\/\/www.onkelhermanns.at\/?page_id=36"},"modified":"2026-04-17T08:28:23","modified_gmt":"2026-04-17T06:28:23","slug":"ueber-uns","status":"publish","type":"page","link":"https:\/\/www.onkelhermanns.at\/?page_id=36","title":{"rendered":"\u00dcBER UNS"},"content":{"rendered":"\n<p class=\"has-asap-font-family has-custom-font\" style=\"font-family:Asap;font-size:16px\">Hier m\u00f6chten wir euch kurz die Familie vorstellen:<\/p>\n\n\n\n<div style=\"height:40px\" aria-hidden=\"true\" class=\"wp-block-spacer\"><\/div>\n\n\n\n<p class=\"has-asap-font-family has-custom-font\" style=\"font-family:Asap;font-size:26px\"><span class=\"uppercase\">ONKEL HERMANN &#8211; DER CHEF<\/span><\/p>\n\n\n\n<div class=\"wp-block-media-text alignwide is-stacked-on-mobile\" style=\"grid-template-columns:36% auto\"><figure class=\"wp-block-media-text__media\"><img loading=\"lazy\" decoding=\"async\" width=\"1024\" height=\"684\" src=\"https:\/\/www.onkelhermanns.at\/wp-content\/uploads\/2021\/05\/DSC_1146-1024x684.jpg\" alt=\"\" class=\"wp-image-405 size-full\" srcset=\"https:\/\/www.onkelhermanns.at\/wp-content\/uploads\/2021\/05\/DSC_1146-1024x684.jpg 1024w, https:\/\/www.onkelhermanns.at\/wp-content\/uploads\/2021\/05\/DSC_1146-300x200.jpg 300w, https:\/\/www.onkelhermanns.at\/wp-content\/uploads\/2021\/05\/DSC_1146-768x513.jpg 768w, https:\/\/www.onkelhermanns.at\/wp-content\/uploads\/2021\/05\/DSC_1146-1536x1025.jpg 1536w, https:\/\/www.onkelhermanns.at\/wp-content\/uploads\/2021\/05\/DSC_1146-2048x1367.jpg 2048w\" sizes=\"auto, (max-width: 1024px) 100vw, 1024px\" \/><\/figure><div class=\"wp-block-media-text__content\">\n<p><\/p>\n\n\n\n<p class=\"has-asap-font-family has-custom-font mb-0 pb-0\" style=\"font-family:Asap;font-size:16px\">Gilt nicht nur unter Berufskollegen als&nbsp;der Landwirt mit dem vermutlich gr\u00f6\u00dften G&#8217;sp\u00fcr f\u00fcr B\u00f6den und landwirtschaftliche Arbeit. <\/p>\n\n\n\n<p class=\"has-text-align-left\" style=\"font-size:16px\">Seine Leidenschaft f\u00fcr&nbsp;Produkte auf h\u00f6chstem Qualit\u00e4tsniveau aus dem Weinviertel sucht Seinesgleichen. Dar\u00fcber hinaus sorgt er mit seiner Kreativit\u00e4t daf\u00fcr, dass es stets neue Produktentwicklungen und -varianten gibt.<\/p>\n<\/div><\/div>\n\n\n\n<div style=\"height:60px\" aria-hidden=\"true\" class=\"wp-block-spacer\"><\/div>\n\n\n\n<p class=\"has-text-align-left\" style=\"font-size:26px\">KERSTIN &#8211; DIE FRAU AN CHEF&#8217;S SEITE<\/p>\n\n\n\n<div class=\"wp-block-media-text alignwide is-stacked-on-mobile\" style=\"grid-template-columns:36% auto\"><figure class=\"wp-block-media-text__media\"><img loading=\"lazy\" decoding=\"async\" width=\"1024\" height=\"684\" src=\"https:\/\/www.onkelhermanns.at\/wp-content\/uploads\/2021\/05\/DSC_1751-1024x684.jpg\" alt=\"\" class=\"wp-image-716 size-full\" srcset=\"https:\/\/www.onkelhermanns.at\/wp-content\/uploads\/2021\/05\/DSC_1751-1024x684.jpg 1024w, https:\/\/www.onkelhermanns.at\/wp-content\/uploads\/2021\/05\/DSC_1751-300x200.jpg 300w, https:\/\/www.onkelhermanns.at\/wp-content\/uploads\/2021\/05\/DSC_1751-768x513.jpg 768w, https:\/\/www.onkelhermanns.at\/wp-content\/uploads\/2021\/05\/DSC_1751-1536x1025.jpg 1536w, https:\/\/www.onkelhermanns.at\/wp-content\/uploads\/2021\/05\/DSC_1751-2048x1367.jpg 2048w\" sizes=\"auto, (max-width: 1024px) 100vw, 1024px\" \/><\/figure><div class=\"wp-block-media-text__content\">\n<p><\/p>\n\n\n\n<p style=\"font-size:16px\" class=\"mb-0 pb-0\"><\/p>\n<\/div><\/div>\n\n\n\n<div style=\"height:60px\" aria-hidden=\"true\" class=\"wp-block-spacer\"><\/div>\n\n\n\n<p class=\"has-asap-font-family has-custom-font\" style=\"font-family:Asap;font-size:26px\">INGRID &#8211; DIE SCHWESTER<\/p>\n\n\n\n<div class=\"wp-block-media-text alignwide is-stacked-on-mobile\" style=\"grid-template-columns:36% auto\"><figure class=\"wp-block-media-text__media\"><img loading=\"lazy\" decoding=\"async\" width=\"1024\" height=\"684\" src=\"https:\/\/www.onkelhermanns.at\/wp-content\/uploads\/2021\/05\/DSC_1753-1024x684.jpg\" alt=\"\" class=\"wp-image-715 size-full\" srcset=\"https:\/\/www.onkelhermanns.at\/wp-content\/uploads\/2021\/05\/DSC_1753-1024x684.jpg 1024w, https:\/\/www.onkelhermanns.at\/wp-content\/uploads\/2021\/05\/DSC_1753-300x200.jpg 300w, https:\/\/www.onkelhermanns.at\/wp-content\/uploads\/2021\/05\/DSC_1753-768x513.jpg 768w, https:\/\/www.onkelhermanns.at\/wp-content\/uploads\/2021\/05\/DSC_1753-1536x1025.jpg 1536w, https:\/\/www.onkelhermanns.at\/wp-content\/uploads\/2021\/05\/DSC_1753-2048x1367.jpg 2048w\" sizes=\"auto, (max-width: 1024px) 100vw, 1024px\" \/><\/figure><div class=\"wp-block-media-text__content\">\n<p><\/p>\n\n\n\n<p class=\"has-asap-font-family has-custom-font\" style=\"font-family:Asap;font-size:16px\"><\/p>\n<\/div><\/div>\n\n\n\n<div style=\"height:60px\" aria-hidden=\"true\" class=\"wp-block-spacer\"><\/div>\n\n\n\n<p class=\"has-asap-font-family has-custom-font\" style=\"font-family:Asap;font-size:26px\"><span class=\"uppercase\">JULIAN &amp; ANNA &#8211; DIE NAMENSGEBER<\/span><\/p>\n\n\n\n<div class=\"wp-block-media-text alignwide is-stacked-on-mobile\" style=\"grid-template-columns:36% auto\"><figure class=\"wp-block-media-text__media\"><img loading=\"lazy\" decoding=\"async\" width=\"1024\" height=\"683\" src=\"https:\/\/www.onkelhermanns.at\/wp-content\/uploads\/2021\/05\/DSC_1719b-1024x683.jpg\" alt=\"\" class=\"wp-image-719 size-full\" srcset=\"https:\/\/www.onkelhermanns.at\/wp-content\/uploads\/2021\/05\/DSC_1719b-1024x683.jpg 1024w, https:\/\/www.onkelhermanns.at\/wp-content\/uploads\/2021\/05\/DSC_1719b-300x200.jpg 300w, https:\/\/www.onkelhermanns.at\/wp-content\/uploads\/2021\/05\/DSC_1719b-768x513.jpg 768w, https:\/\/www.onkelhermanns.at\/wp-content\/uploads\/2021\/05\/DSC_1719b-1536x1025.jpg 1536w, https:\/\/www.onkelhermanns.at\/wp-content\/uploads\/2021\/05\/DSC_1719b-2048x1367.jpg 2048w\" sizes=\"auto, (max-width: 1024px) 100vw, 1024px\" \/><\/figure><div class=\"wp-block-media-text__content\">\n<p><\/p>\n\n\n\n<p class=\"has-asap-font-family has-custom-font\" style=\"font-family:Asap;font-size:16px\"><\/p>\n<\/div><\/div>\n\n\n\n<div style=\"height:60px\" aria-hidden=\"true\" class=\"wp-block-spacer\"><\/div>\n\n\n\n<p id=\"Heidi\"><\/p>\n\n\n\n<p class=\"has-asap-font-family has-custom-font\" style=\"font-family:Asap;font-size:26px\">HEIDI &amp; HERMANN &#8211; DIE \u00c4LTER&#8217;N<\/p>\n\n\n\n<div class=\"wp-block-media-text alignwide is-stacked-on-mobile\" style=\"grid-template-columns:36% auto\"><figure class=\"wp-block-media-text__media\"><img loading=\"lazy\" decoding=\"async\" width=\"1024\" height=\"684\" src=\"https:\/\/www.onkelhermanns.at\/wp-content\/uploads\/2021\/05\/DSC_1783-1024x684.jpg\" alt=\"\" class=\"wp-image-720 size-full\" srcset=\"https:\/\/www.onkelhermanns.at\/wp-content\/uploads\/2021\/05\/DSC_1783-1024x684.jpg 1024w, https:\/\/www.onkelhermanns.at\/wp-content\/uploads\/2021\/05\/DSC_1783-300x200.jpg 300w, https:\/\/www.onkelhermanns.at\/wp-content\/uploads\/2021\/05\/DSC_1783-768x513.jpg 768w, https:\/\/www.onkelhermanns.at\/wp-content\/uploads\/2021\/05\/DSC_1783-1536x1025.jpg 1536w, https:\/\/www.onkelhermanns.at\/wp-content\/uploads\/2021\/05\/DSC_1783-2048x1367.jpg 2048w\" sizes=\"auto, (max-width: 1024px) 100vw, 1024px\" \/><\/figure><div class=\"wp-block-media-text__content\">\n<p><\/p>\n\n\n\n<p class=\"has-asap-font-family has-custom-font\" style=\"font-family:Asap;font-size:16px\"><\/p>\n<\/div><\/div>\n\n\n\n<p><\/p>\n\n\n\n<div style=\"height:60px\" aria-hidden=\"true\" class=\"wp-block-spacer\"><\/div>\n\n\n\n<p class=\"has-asap-font-family has-custom-font\" style=\"font-family:Asap;font-size:26px\"><span class=\"uppercase\">NORA &#8211; SECURITY<\/span><\/p>\n\n\n\n<div class=\"wp-block-media-text alignwide is-stacked-on-mobile\" style=\"grid-template-columns:36% auto\"><figure class=\"wp-block-media-text__media\"><img loading=\"lazy\" decoding=\"async\" width=\"1024\" height=\"641\" src=\"https:\/\/www.onkelhermanns.at\/wp-content\/uploads\/2021\/06\/IMG-20210607-WA0009-1024x641.jpg\" alt=\"\" class=\"wp-image-1144 size-full\" srcset=\"https:\/\/www.onkelhermanns.at\/wp-content\/uploads\/2021\/06\/IMG-20210607-WA0009-1024x641.jpg 1024w, https:\/\/www.onkelhermanns.at\/wp-content\/uploads\/2021\/06\/IMG-20210607-WA0009-300x188.jpg 300w, https:\/\/www.onkelhermanns.at\/wp-content\/uploads\/2021\/06\/IMG-20210607-WA0009-768x481.jpg 768w, https:\/\/www.onkelhermanns.at\/wp-content\/uploads\/2021\/06\/IMG-20210607-WA0009-1536x962.jpg 1536w, https:\/\/www.onkelhermanns.at\/wp-content\/uploads\/2021\/06\/IMG-20210607-WA0009.jpg 1549w\" sizes=\"auto, (max-width: 1024px) 100vw, 1024px\" \/><\/figure><div class=\"wp-block-media-text__content\">\n<p><\/p>\n\n\n\n<p class=\"has-asap-font-family has-custom-font\" style=\"font-family:Asap;font-size:16px\"><\/p>\n<\/div><\/div>\n\n\n\n<div style=\"height:40px\" aria-hidden=\"true\" class=\"wp-block-spacer\"><\/div>\n\n\n\n<p class=\"has-asap-font-family has-custom-font\" style=\"font-family:Asap;font-size:16px\"><strong><a href=\"https:\/\/www.onkelhermanns.at\/?page_id=36\">&#8230;zum Seitenanfang&#8230;<\/a><\/strong><\/p>\n","protected":false},"excerpt":{"rendered":"<p>Hier m\u00f6chten wir euch kurz die Familie vorstellen: ONKEL HERMANN &#8211; DER CHEF Gilt nicht nur unter Berufskollegen als&nbsp;der Landwirt mit dem vermutlich gr\u00f6\u00dften G&#8217;sp\u00fcr f\u00fcr B\u00f6den und landwirtschaftliche Arbeit. Seine Leidenschaft f\u00fcr&nbsp;Produkte auf h\u00f6chstem Qualit\u00e4tsniveau aus dem Weinviertel sucht Seinesgleichen. Dar\u00fcber hinaus sorgt er mit seiner Kreativit\u00e4t daf\u00fcr, dass es stets neue Produktentwicklungen und [&hellip;]<\/p>\n","protected":false},"author":1,"featured_media":0,"parent":0,"menu_order":0,"comment_status":"closed","ping_status":"closed","template":"","meta":{"_coblocks_attr":"Asap,Asap","_coblocks_dimensions":"","_coblocks_responsive_height":"","_coblocks_accordion_ie_support":"","footnotes":""},"class_list":["post-36","page","type-page","status-publish","hentry"],"_links":{"self":[{"href":"https:\/\/www.onkelhermanns.at\/index.php?rest_route=\/wp\/v2\/pages\/36","targetHints":{"allow":["GET"]}}],"collection":[{"href":"https:\/\/www.onkelhermanns.at\/index.php?rest_route=\/wp\/v2\/pages"}],"about":[{"href":"https:\/\/www.onkelhermanns.at\/index.php?rest_route=\/wp\/v2\/types\/page"}],"author":[{"embeddable":true,"href":"https:\/\/www.onkelhermanns.at\/index.php?rest_route=\/wp\/v2\/users\/1"}],"replies":[{"embeddable":true,"href":"https:\/\/www.onkelhermanns.at\/index.php?rest_route=%2Fwp%2Fv2%2Fcomments&post=36"}],"version-history":[{"count":67,"href":"https:\/\/www.onkelhermanns.at\/index.php?rest_route=\/wp\/v2\/pages\/36\/revisions"}],"predecessor-version":[{"id":1577,"href":"https:\/\/www.onkelhermanns.at\/index.php?rest_route=\/wp\/v2\/pages\/36\/revisions\/1577"}],"wp:attachment":[{"href":"https:\/\/www.onkelhermanns.at\/index.php?rest_route=%2Fwp%2Fv2%2Fmedia&parent=36"}],"curies":[{"name":"wp","href":"https:\/\/api.w.org\/{rel}","templated":true}]}}