{"id":28,"date":"2021-04-17T17:55:41","date_gmt":"2021-04-17T15:55:41","guid":{"rendered":"http:\/\/www.onkelhermanns.at\/?page_id=28"},"modified":"2023-09-05T17:06:24","modified_gmt":"2023-09-05T15:06:24","slug":"die-kocherei","status":"publish","type":"page","link":"https:\/\/www.onkelhermanns.at\/?page_id=28","title":{"rendered":"KOCHEREI"},"content":{"rendered":"\n<p class=\"has-asap-font-family has-custom-font\" style=\"font-family:Asap;font-size:16px\">In der Kocherei werden unsere fruchtigen Kellergarten-Marillen zu Marmelade und R\u00f6ster verarbeitet. <\/p>\n\n\n\n<p class=\"has-text-align-center has-asap-font-family has-custom-font\" style=\"font-family:Asap;font-size:16px\"><a href=\"#Kellergarten\">DER KELLERGARTEN<\/a> | <a href=\"#Bl\u00fcte\">VON DER BL\u00dcTE ZUR FRUCHT<\/a> | <a href=\"#Ernte\">DIE ERNTE<\/a><\/p>\n\n\n\n<div style=\"height:100px\" aria-hidden=\"true\" id=\"Kellergarten\" class=\"wp-block-spacer\"><\/div>\n\n\n\n<p style=\"font-size:26px\">DER KELLERGARTEN<\/p>\n\n\n\n<p class=\"has-asap-font-family has-custom-font\" style=\"font-family:Asap;font-size:16px\">Wenn im Garten das beruhigende Summen der Bienen ert\u00f6nt &amp; die ersten Sonnenstrahlen das Gesicht w\u00e4rmen, dann wei\u00df man sofort: Es ist so weit, der Fr\u00fchling ist da!<\/p>\n\n\n\n<figure class=\"wp-block-image size-large\"><img loading=\"lazy\" decoding=\"async\" width=\"1024\" height=\"768\" src=\"https:\/\/www.onkelhermanns.at\/wp-content\/uploads\/2021\/05\/20210409_143720-1024x768.jpg\" alt=\"\" class=\"wp-image-514\" srcset=\"https:\/\/www.onkelhermanns.at\/wp-content\/uploads\/2021\/05\/20210409_143720-1024x768.jpg 1024w, https:\/\/www.onkelhermanns.at\/wp-content\/uploads\/2021\/05\/20210409_143720-300x225.jpg 300w, https:\/\/www.onkelhermanns.at\/wp-content\/uploads\/2021\/05\/20210409_143720-768x576.jpg 768w, https:\/\/www.onkelhermanns.at\/wp-content\/uploads\/2021\/05\/20210409_143720-1536x1152.jpg 1536w, https:\/\/www.onkelhermanns.at\/wp-content\/uploads\/2021\/05\/20210409_143720-2048x1536.jpg 2048w\" sizes=\"auto, (max-width: 1024px) 100vw, 1024px\" \/><\/figure>\n\n\n\n<p><\/p>\n\n\n\n<p class=\"has-asap-font-family has-custom-font\" style=\"font-family:Asap;font-size:16px\">Nicht nur die Marillenb\u00e4ume zeigen ihre wei\u00dfe Bl\u00fctenpracht, auch viele andere Fr\u00fchlingsboten erbl\u00fchen in den sch\u00f6nsten Farben und die Felder &amp; Wiesen f\u00e4rben das Landschaftsbild in sattes Gr\u00fcn.<\/p>\n\n\n\n<div style=\"height:100px\" aria-hidden=\"true\" id=\"Bl\u00fcte\" class=\"wp-block-spacer\"><\/div>\n\n\n\n<p style=\"font-size:26px\">VON DER BL\u00dcTE ZUR FRUCHT<\/p>\n\n\n\n<p class=\"has-asap-font-family has-custom-font\" style=\"font-family:Asap;font-size:16px\">Im Fr\u00fchling sind die B\u00e4ume wundersch\u00f6n anzusehen, es ist jedoch eine sehr heikle Zeit \u2013 Besitzer von Obstb\u00e4umen wissen nat\u00fcrlich, wovon die Rede ist: der gef\u00fcrchtete FROST!<\/p>\n\n\n\n<figure class=\"wp-block-image size-large\"><img loading=\"lazy\" decoding=\"async\" width=\"1024\" height=\"657\" src=\"https:\/\/www.onkelhermanns.at\/wp-content\/uploads\/2021\/05\/20210214_104015-1024x657.jpg\" alt=\"\" class=\"wp-image-517\" srcset=\"https:\/\/www.onkelhermanns.at\/wp-content\/uploads\/2021\/05\/20210214_104015-1024x657.jpg 1024w, https:\/\/www.onkelhermanns.at\/wp-content\/uploads\/2021\/05\/20210214_104015-300x193.jpg 300w, https:\/\/www.onkelhermanns.at\/wp-content\/uploads\/2021\/05\/20210214_104015-768x493.jpg 768w, https:\/\/www.onkelhermanns.at\/wp-content\/uploads\/2021\/05\/20210214_104015-1536x986.jpg 1536w, https:\/\/www.onkelhermanns.at\/wp-content\/uploads\/2021\/05\/20210214_104015-2048x1314.jpg 2048w\" sizes=\"auto, (max-width: 1024px) 100vw, 1024px\" \/><\/figure>\n\n\n\n<p><\/p>\n\n\n\n<p class=\"has-asap-font-family has-custom-font\" style=\"font-family:Asap;font-size:16px\">Jetzt entscheiden die Temperaturen, ob im Sommer Fr\u00fcchte geerntet werden k\u00f6nnen, oder ob es zu einem Ernteausfall kommt. Um vorbereitet zu sein, werden Wetterberichte studiert, die verschiedensten Wetter Apps gecheckt und die Nachrichten im Radio auf volle Lautst\u00e4rke gedreht. Unsere B\u00e4ume haben schon viele frostige N\u00e4chte hinter sich gebracht und in den meisten F\u00e4llen konnten auch ein paar Minusgrade den Bl\u00fcten nichts anhaben. <\/p>\n\n\n\n<p class=\"has-asap-font-family has-custom-font\" style=\"font-family:Asap;font-size:16px\">Im Jahr 2020 gab es jedoch ein paar aufeinander folgende frostige N\u00e4chte, sodass ein Gro\u00dfteil der Bl\u00fcten leider abgefroren ist. Dieser massive Ernteausfall hat sowohl Hobbyg\u00e4rtner, aber nat\u00fcrlich auch den Gro\u00dfteil der \u00d6sterreichischen Obstbauern betroffen. Unser Kellergarten liegt etwas windgesch\u00fctzt, wodurch wir heuer, obwohl es in einigen kalten N\u00e4chten sehr knapp war, vor Frostsch\u00e4den verschont geblieben sind. <\/p>\n\n\n\n<figure class=\"wp-block-gallery has-nested-images columns-default is-cropped wp-block-gallery-1 is-layout-flex wp-block-gallery-is-layout-flex\">\n<figure class=\"wp-block-image size-large\"><img loading=\"lazy\" decoding=\"async\" width=\"1024\" height=\"768\" data-id=\"1419\" src=\"https:\/\/www.onkelhermanns.at\/wp-content\/uploads\/2023\/09\/image.jpeg\" alt=\"Image gallery image\" class=\"wp-image-1419\" srcset=\"https:\/\/www.onkelhermanns.at\/wp-content\/uploads\/2023\/09\/image.jpeg 1024w, https:\/\/www.onkelhermanns.at\/wp-content\/uploads\/2023\/09\/image-300x225.jpeg 300w, https:\/\/www.onkelhermanns.at\/wp-content\/uploads\/2023\/09\/image-768x576.jpeg 768w\" sizes=\"auto, (max-width: 1024px) 100vw, 1024px\" \/><\/figure>\n<\/figure>\n\n\n\n<div style=\"height:15px\" aria-hidden=\"true\" class=\"wp-block-spacer\"><\/div>\n\n\n\n<p class=\"has-asap-font-family has-custom-font\" style=\"font-family:Asap;font-size:16px\">Wenn die Bl\u00fcten langsam verbl\u00fchen und abfallen, sieht man schon die winzig kleinen Marillen, die sich aus der Bl\u00fcte bilden. Vor allem jetzt ist es wichtig, dass es immer wieder ausreichend Regen gibt. Wenn die B\u00e4ume zu wenig Wasser haben, lassen sie n\u00e4mlich \u00fcberfl\u00fcssigen Ballast fallen \u2013 in diesem Fall die gr\u00fcnen Marillen \u2013 und das k\u00f6nnte bis zum kompletten Ertragsverlust f\u00fchren. Gibt es ausreichend Niederschlag, geht es ganz schnell, bis aus den &#8222;Zwutschkerl&#8220; sch\u00f6ne Marillen werden.<\/p>\n\n\n\n<figure class=\"wp-block-image size-large\"><img loading=\"lazy\" decoding=\"async\" width=\"1024\" height=\"768\" src=\"https:\/\/www.onkelhermanns.at\/wp-content\/uploads\/2021\/06\/20210529_155148-1024x768.jpg\" alt=\"\" class=\"wp-image-1110\" srcset=\"https:\/\/www.onkelhermanns.at\/wp-content\/uploads\/2021\/06\/20210529_155148-1024x768.jpg 1024w, https:\/\/www.onkelhermanns.at\/wp-content\/uploads\/2021\/06\/20210529_155148-300x225.jpg 300w, https:\/\/www.onkelhermanns.at\/wp-content\/uploads\/2021\/06\/20210529_155148-768x576.jpg 768w, https:\/\/www.onkelhermanns.at\/wp-content\/uploads\/2021\/06\/20210529_155148-1536x1152.jpg 1536w, https:\/\/www.onkelhermanns.at\/wp-content\/uploads\/2021\/06\/20210529_155148-2048x1536.jpg 2048w\" sizes=\"auto, (max-width: 1024px) 100vw, 1024px\" \/><\/figure>\n\n\n\n<div style=\"height:100px\" aria-hidden=\"true\" id=\"Ernte\" class=\"wp-block-spacer\"><\/div>\n\n\n\n<p style=\"font-size:26px\">DIE ERNTE<\/p>\n\n\n\n<p class=\"has-asap-font-family has-custom-font\" style=\"font-family:Asap;font-size:16px\">Je nachdem, wie viele Sonnenstunden die Marillen genossen haben, beginnt bei uns Ende Juni bis Mitte Juli die Ernte. Unsere B\u00e4ume wachsen nat\u00fcrlich und werden das ganze Jahr nicht behandelt, weshalb die Marillen auch jeden Tag sofort verarbeitet werden m\u00fcssen. Bei uns werden keine halb gr\u00fcnen Fr\u00fcchte gepfl\u00fcckt, die dann um die halbe Welt reisen \u2013 es werden ausschlie\u00dflich saftige, reife Fr\u00fcchte verarbeitet \u2013 und das schmeckt man nat\u00fcrlich auch!<\/p>\n\n\n\n<figure class=\"wp-block-image size-large\"><img loading=\"lazy\" decoding=\"async\" width=\"1024\" height=\"768\" src=\"https:\/\/www.onkelhermanns.at\/wp-content\/uploads\/2021\/05\/DSCN0446-1024x768.jpg\" alt=\"\" class=\"wp-image-518\" srcset=\"https:\/\/www.onkelhermanns.at\/wp-content\/uploads\/2021\/05\/DSCN0446-1024x768.jpg 1024w, https:\/\/www.onkelhermanns.at\/wp-content\/uploads\/2021\/05\/DSCN0446-300x225.jpg 300w, https:\/\/www.onkelhermanns.at\/wp-content\/uploads\/2021\/05\/DSCN0446-768x576.jpg 768w, https:\/\/www.onkelhermanns.at\/wp-content\/uploads\/2021\/05\/DSCN0446-1536x1152.jpg 1536w, https:\/\/www.onkelhermanns.at\/wp-content\/uploads\/2021\/05\/DSCN0446-2048x1536.jpg 2048w\" sizes=\"auto, (max-width: 1024px) 100vw, 1024px\" \/><\/figure>\n\n\n\n<div style=\"height:18px\" aria-hidden=\"true\" class=\"wp-block-spacer\"><\/div>\n\n\n\n<figure class=\"wp-block-image size-large\"><img loading=\"lazy\" decoding=\"async\" width=\"1024\" height=\"578\" src=\"https:\/\/www.onkelhermanns.at\/wp-content\/uploads\/2021\/05\/DSC_0020-1024x578.jpg\" alt=\"\" class=\"wp-image-519\" srcset=\"https:\/\/www.onkelhermanns.at\/wp-content\/uploads\/2021\/05\/DSC_0020-1024x578.jpg 1024w, https:\/\/www.onkelhermanns.at\/wp-content\/uploads\/2021\/05\/DSC_0020-300x169.jpg 300w, https:\/\/www.onkelhermanns.at\/wp-content\/uploads\/2021\/05\/DSC_0020-768x433.jpg 768w, https:\/\/www.onkelhermanns.at\/wp-content\/uploads\/2021\/05\/DSC_0020-1536x867.jpg 1536w, https:\/\/www.onkelhermanns.at\/wp-content\/uploads\/2021\/05\/DSC_0020-2048x1155.jpg 2048w\" sizes=\"auto, (max-width: 1024px) 100vw, 1024px\" \/><\/figure>\n\n\n\n<div style=\"height:21px\" aria-hidden=\"true\" class=\"wp-block-spacer\"><\/div>\n\n\n\n<p class=\"has-asap-font-family has-custom-font\" style=\"font-family:Asap;font-size:16px\"><strong><a href=\"https:\/\/www.onkelhermanns.at\/?page_id=28\">&#8230;zum Seitenanfang&#8230;<\/a><\/strong><\/p>\n","protected":false},"excerpt":{"rendered":"<p>In der Kocherei werden unsere fruchtigen Kellergarten-Marillen zu Marmelade und R\u00f6ster verarbeitet. DER KELLERGARTEN | VON DER BL\u00dcTE ZUR FRUCHT | DIE ERNTE DER KELLERGARTEN Wenn im Garten das beruhigende Summen der Bienen ert\u00f6nt &amp; die ersten Sonnenstrahlen das Gesicht w\u00e4rmen, dann wei\u00df man sofort: Es ist so weit, der Fr\u00fchling ist da! Nicht nur [&hellip;]<\/p>\n","protected":false},"author":1,"featured_media":0,"parent":0,"menu_order":0,"comment_status":"closed","ping_status":"closed","template":"","meta":{"_coblocks_attr":"Asap,Asap","_coblocks_dimensions":"","_coblocks_responsive_height":"","_coblocks_accordion_ie_support":"","footnotes":""},"class_list":["post-28","page","type-page","status-publish","hentry"],"_links":{"self":[{"href":"https:\/\/www.onkelhermanns.at\/index.php?rest_route=\/wp\/v2\/pages\/28","targetHints":{"allow":["GET"]}}],"collection":[{"href":"https:\/\/www.onkelhermanns.at\/index.php?rest_route=\/wp\/v2\/pages"}],"about":[{"href":"https:\/\/www.onkelhermanns.at\/index.php?rest_route=\/wp\/v2\/types\/page"}],"author":[{"embeddable":true,"href":"https:\/\/www.onkelhermanns.at\/index.php?rest_route=\/wp\/v2\/users\/1"}],"replies":[{"embeddable":true,"href":"https:\/\/www.onkelhermanns.at\/index.php?rest_route=%2Fwp%2Fv2%2Fcomments&post=28"}],"version-history":[{"count":29,"href":"https:\/\/www.onkelhermanns.at\/index.php?rest_route=\/wp\/v2\/pages\/28\/revisions"}],"predecessor-version":[{"id":1422,"href":"https:\/\/www.onkelhermanns.at\/index.php?rest_route=\/wp\/v2\/pages\/28\/revisions\/1422"}],"wp:attachment":[{"href":"https:\/\/www.onkelhermanns.at\/index.php?rest_route=%2Fwp%2Fv2%2Fmedia&parent=28"}],"curies":[{"name":"wp","href":"https:\/\/api.w.org\/{rel}","templated":true}]}}