{"id":20,"date":"2021-04-17T17:51:40","date_gmt":"2021-04-17T15:51:40","guid":{"rendered":"http:\/\/www.onkelhermanns.at\/?page_id=20"},"modified":"2024-11-29T21:47:24","modified_gmt":"2024-11-29T20:47:24","slug":"produkte","status":"publish","type":"page","link":"https:\/\/www.onkelhermanns.at\/?page_id=20","title":{"rendered":"PRODUKTE"},"content":{"rendered":"\n<p class=\"has-asap-font-family has-custom-font\" style=\"font-family:Asap;font-size:16px\">Hier stellen wir euch unsere erlesenen Produkte vor. Wo es diese zu kaufen gibt, erfahrt ihr in unserem <strong><a href=\"https:\/\/www.onkelhermanns.at\/?page_id=23\">Shop<\/a><\/strong>. Alle unsere K\u00fcrbiskerne wurden schonend ger\u00f6stet, h\u00e4ndisch ausselektiert, abgef\u00fcllt und auch etikettiert.<\/p>\n\n\n\n<p class=\"has-asap-font-family has-custom-font\" style=\"font-family:Asap;font-size:16px\"><\/p>\n\n\n\n<p><\/p>\n\n\n\n<div class=\"wp-block-media-text alignwide has-media-on-the-right is-stacked-on-mobile\" style=\"grid-template-columns:auto 30%\"><div class=\"wp-block-media-text__content\">\n<p><\/p>\n\n\n\n<p class=\"has-asap-font-family has-custom-font has-custom-transform\" style=\"font-family:Asap;text-transform:uppercase;font-size:18px\">K\u00fcrbiskerne ger\u00f6stet natur 100g <\/p>\n\n\n\n<p class=\"has-asap-font-family has-custom-font\" style=\"font-family:Asap;font-size:16px\">Der nat\u00fcrliche Geschmack der K\u00fcrbiskerne mit feinem R\u00f6staroma &#8211;  hier kommt die nussige Note besonders gut zur Geltung.<\/p>\n<\/div><figure class=\"wp-block-media-text__media\"><img loading=\"lazy\" decoding=\"async\" width=\"1024\" height=\"872\" src=\"https:\/\/www.onkelhermanns.at\/wp-content\/uploads\/2021\/05\/DSC_0899-klein-Rahmen-1024x872.jpg\" alt=\"\" class=\"wp-image-478 size-full\" srcset=\"https:\/\/www.onkelhermanns.at\/wp-content\/uploads\/2021\/05\/DSC_0899-klein-Rahmen-1024x872.jpg 1024w, https:\/\/www.onkelhermanns.at\/wp-content\/uploads\/2021\/05\/DSC_0899-klein-Rahmen-300x256.jpg 300w, https:\/\/www.onkelhermanns.at\/wp-content\/uploads\/2021\/05\/DSC_0899-klein-Rahmen-768x654.jpg 768w, https:\/\/www.onkelhermanns.at\/wp-content\/uploads\/2021\/05\/DSC_0899-klein-Rahmen-1536x1308.jpg 1536w, https:\/\/www.onkelhermanns.at\/wp-content\/uploads\/2021\/05\/DSC_0899-klein-Rahmen.jpg 1882w\" sizes=\"auto, (max-width: 1024px) 100vw, 1024px\" \/><\/figure><\/div>\n\n\n\n<hr class=\"wp-block-coblocks-dynamic-separator has-background is-style-fullwidth\" style=\"color:#534839;height:60px\"\/>\n\n\n\n<div class=\"wp-block-media-text alignwide is-stacked-on-mobile\" style=\"grid-template-columns:29% auto\"><figure class=\"wp-block-media-text__media\"><img loading=\"lazy\" decoding=\"async\" width=\"1024\" height=\"872\" src=\"https:\/\/www.onkelhermanns.at\/wp-content\/uploads\/2021\/05\/DSC_0900-klein-Rahmen-1024x872.jpg\" alt=\"\" class=\"wp-image-480 size-full\" srcset=\"https:\/\/www.onkelhermanns.at\/wp-content\/uploads\/2021\/05\/DSC_0900-klein-Rahmen-1024x872.jpg 1024w, https:\/\/www.onkelhermanns.at\/wp-content\/uploads\/2021\/05\/DSC_0900-klein-Rahmen-300x256.jpg 300w, https:\/\/www.onkelhermanns.at\/wp-content\/uploads\/2021\/05\/DSC_0900-klein-Rahmen-768x654.jpg 768w, https:\/\/www.onkelhermanns.at\/wp-content\/uploads\/2021\/05\/DSC_0900-klein-Rahmen-1536x1308.jpg 1536w, https:\/\/www.onkelhermanns.at\/wp-content\/uploads\/2021\/05\/DSC_0900-klein-Rahmen.jpg 1882w\" sizes=\"auto, (max-width: 1024px) 100vw, 1024px\" \/><\/figure><div class=\"wp-block-media-text__content\">\n<p><\/p>\n\n\n\n<p style=\"font-size:18px\"><span class=\"uppercase\">K\u00fcrbiskerne ger\u00f6stet &amp; gesalzen 100g<\/span> <\/p>\n\n\n\n<p style=\"font-size:16px\">Schonend ger\u00f6stete K\u00fcrbiskerne mit Salz verfeinert &#8211; ideal zum Glaserl Wein, Sekt oder auch zur Jause!<\/p>\n<\/div><\/div>\n\n\n\n<hr class=\"wp-block-coblocks-dynamic-separator has-background is-style-fullwidth\" style=\"color:#534839;height:60px\"\/>\n\n\n\n<div class=\"wp-block-media-text alignwide has-media-on-the-right is-stacked-on-mobile\" style=\"grid-template-columns:auto 29%\"><div class=\"wp-block-media-text__content\">\n<p id=\"GebrannteKK\"><\/p>\n\n\n\n<p style=\"font-size:18px\"><span class=\"uppercase\">Gebrannte K\u00fcrbiskerne &#8211; mit Zucker, Zimt &amp; Vanille 100g<\/span><\/p>\n\n\n\n<p style=\"font-size:16px\">Erinnern an die gebrannten Mandeln am Volksfest &#8211; aber mit vieeel weniger Zucker! Perfekt zum Snacken f\u00fcr zwischendurch. Aber Achtung: Suchtgefahr!<\/p>\n<\/div><figure class=\"wp-block-media-text__media\"><img loading=\"lazy\" decoding=\"async\" width=\"1024\" height=\"872\" src=\"https:\/\/www.onkelhermanns.at\/wp-content\/uploads\/2021\/05\/DSC_0904-klein-Rahmen-1024x872.jpg\" alt=\"\" class=\"wp-image-481 size-full\" srcset=\"https:\/\/www.onkelhermanns.at\/wp-content\/uploads\/2021\/05\/DSC_0904-klein-Rahmen-1024x872.jpg 1024w, https:\/\/www.onkelhermanns.at\/wp-content\/uploads\/2021\/05\/DSC_0904-klein-Rahmen-300x256.jpg 300w, https:\/\/www.onkelhermanns.at\/wp-content\/uploads\/2021\/05\/DSC_0904-klein-Rahmen-768x654.jpg 768w, https:\/\/www.onkelhermanns.at\/wp-content\/uploads\/2021\/05\/DSC_0904-klein-Rahmen-1536x1308.jpg 1536w, https:\/\/www.onkelhermanns.at\/wp-content\/uploads\/2021\/05\/DSC_0904-klein-Rahmen.jpg 1882w\" sizes=\"auto, (max-width: 1024px) 100vw, 1024px\" \/><\/figure><\/div>\n\n\n\n<hr class=\"wp-block-coblocks-dynamic-separator has-background is-style-fullwidth\" style=\"color:#534839;height:70px\"\/>\n\n\n\n<div class=\"wp-block-media-text alignwide is-stacked-on-mobile\" style=\"grid-template-columns:29% auto\"><figure class=\"wp-block-media-text__media\"><img loading=\"lazy\" decoding=\"async\" width=\"1024\" height=\"872\" src=\"https:\/\/www.onkelhermanns.at\/wp-content\/uploads\/2021\/05\/DSC_0903-klein-Rahmen-1024x872.jpg\" alt=\"\" class=\"wp-image-482 size-full\" srcset=\"https:\/\/www.onkelhermanns.at\/wp-content\/uploads\/2021\/05\/DSC_0903-klein-Rahmen-1024x872.jpg 1024w, https:\/\/www.onkelhermanns.at\/wp-content\/uploads\/2021\/05\/DSC_0903-klein-Rahmen-300x256.jpg 300w, https:\/\/www.onkelhermanns.at\/wp-content\/uploads\/2021\/05\/DSC_0903-klein-Rahmen-768x654.jpg 768w, https:\/\/www.onkelhermanns.at\/wp-content\/uploads\/2021\/05\/DSC_0903-klein-Rahmen-1536x1308.jpg 1536w, https:\/\/www.onkelhermanns.at\/wp-content\/uploads\/2021\/05\/DSC_0903-klein-Rahmen.jpg 1882w\" sizes=\"auto, (max-width: 1024px) 100vw, 1024px\" \/><\/figure><div class=\"wp-block-media-text__content\">\n<p><\/p>\n\n\n\n<p style=\"font-size:18px\"><span class=\"uppercase\">Ger\u00f6stete K\u00fcrbiskerne mit Vollmilchschokolade 100g <\/span><\/p>\n\n\n\n<p style=\"font-size:16px\">Ger\u00f6stete K\u00fcrbiskerne umh\u00fcllt von feinster Vollmilchschokolade &#8211; als s\u00fc\u00dfes Mitbringsel oder zum selber Snacken.<\/p>\n<\/div><\/div>\n\n\n\n<hr class=\"wp-block-coblocks-dynamic-separator has-background is-style-fullwidth\" style=\"color:#534839;height:60px\"\/>\n\n\n\n<div class=\"wp-block-media-text alignwide has-media-on-the-right is-stacked-on-mobile\" style=\"grid-template-columns:auto 29%\"><div class=\"wp-block-media-text__content\">\n<p><\/p>\n\n\n\n<p style=\"font-size:18px\"><span class=\"uppercase\">Ger\u00f6stete K\u00fcrbiskerne mit Edelbitterschokolade 100g <\/span><\/p>\n\n\n\n<p style=\"font-size:16px\">Der kr\u00e4ftige Kakaogeschmack der Schokolade passt perfekt zum feinen R\u00f6staroma der K\u00fcrbiskerne &#8211; f\u00fcr Liebhaber dunkler Schokolade.<\/p>\n<\/div><figure class=\"wp-block-media-text__media\"><img loading=\"lazy\" decoding=\"async\" width=\"1024\" height=\"872\" src=\"https:\/\/www.onkelhermanns.at\/wp-content\/uploads\/2021\/05\/DSC_0902-klein-Rahmen-1024x872.jpg\" alt=\"\" class=\"wp-image-483 size-full\" srcset=\"https:\/\/www.onkelhermanns.at\/wp-content\/uploads\/2021\/05\/DSC_0902-klein-Rahmen-1024x872.jpg 1024w, https:\/\/www.onkelhermanns.at\/wp-content\/uploads\/2021\/05\/DSC_0902-klein-Rahmen-300x256.jpg 300w, https:\/\/www.onkelhermanns.at\/wp-content\/uploads\/2021\/05\/DSC_0902-klein-Rahmen-768x654.jpg 768w, https:\/\/www.onkelhermanns.at\/wp-content\/uploads\/2021\/05\/DSC_0902-klein-Rahmen-1536x1308.jpg 1536w, https:\/\/www.onkelhermanns.at\/wp-content\/uploads\/2021\/05\/DSC_0902-klein-Rahmen.jpg 1882w\" sizes=\"auto, (max-width: 1024px) 100vw, 1024px\" \/><\/figure><\/div>\n\n\n\n<hr class=\"wp-block-coblocks-dynamic-separator has-background is-style-fullwidth\" style=\"color:#534839;height:70px\"\/>\n\n\n\n<div class=\"wp-block-media-text alignwide is-stacked-on-mobile is-style-default\" style=\"grid-template-columns:29% auto\"><figure class=\"wp-block-media-text__media\"><img loading=\"lazy\" decoding=\"async\" width=\"1024\" height=\"872\" src=\"https:\/\/www.onkelhermanns.at\/wp-content\/uploads\/2022\/10\/DSC_0905-klein-Rahmen-Duo-1024x872.jpg\" alt=\"\" class=\"wp-image-1353 size-full\" srcset=\"https:\/\/www.onkelhermanns.at\/wp-content\/uploads\/2022\/10\/DSC_0905-klein-Rahmen-Duo-1024x872.jpg 1024w, https:\/\/www.onkelhermanns.at\/wp-content\/uploads\/2022\/10\/DSC_0905-klein-Rahmen-Duo-300x256.jpg 300w, https:\/\/www.onkelhermanns.at\/wp-content\/uploads\/2022\/10\/DSC_0905-klein-Rahmen-Duo-768x654.jpg 768w, https:\/\/www.onkelhermanns.at\/wp-content\/uploads\/2022\/10\/DSC_0905-klein-Rahmen-Duo-1536x1308.jpg 1536w, https:\/\/www.onkelhermanns.at\/wp-content\/uploads\/2022\/10\/DSC_0905-klein-Rahmen-Duo.jpg 1882w\" sizes=\"auto, (max-width: 1024px) 100vw, 1024px\" \/><\/figure><div class=\"wp-block-media-text__content\">\n<p><\/p>\n\n\n\n<p style=\"font-size:18px\"><span class=\"uppercase\">K\u00dcRbiskerne schoko duo<\/span><\/p>\n\n\n\n<p style=\"font-size:16px\">Feine Vollmilchschokolade trifft auf kr\u00e4ftigen Kakaogeschmack &#8211; unser schokoladiger Mix f\u00fcr alle Naschkatzen.<\/p>\n<\/div><\/div>\n\n\n\n<hr class=\"wp-block-coblocks-dynamic-separator has-background is-style-fullwidth\" style=\"color:#534839;height:70px\"\/>\n\n\n\n<div class=\"wp-block-media-text alignwide has-media-on-the-right is-stacked-on-mobile is-style-default\" style=\"grid-template-columns:auto 29%\"><div class=\"wp-block-media-text__content\">\n<p><\/p>\n\n\n\n<p style=\"font-size:18px\"><span class=\"uppercase\">MarilleNmarmelade 190g <\/span><\/p>\n\n\n\n<p style=\"font-size:16px\">Voller Fruchtgeschmack, hergestellt aus unseren saftigen, reifen Kellergarten Marillen.<\/p>\n\n\n\n<p class=\"has-asap-font-family has-custom-font\" style=\"font-family:Asap;font-size:16px\"><a href=\"https:\/\/www.onkelhermanns.at\/?page_id=1530\">Zutaten<\/a><\/p>\n<\/div><figure class=\"wp-block-media-text__media\"><img loading=\"lazy\" decoding=\"async\" width=\"1024\" height=\"872\" src=\"https:\/\/www.onkelhermanns.at\/wp-content\/uploads\/2021\/08\/DSC_0898a-klein-Rahmen-1024x872.jpg\" alt=\"\" class=\"wp-image-1218 size-full\" srcset=\"https:\/\/www.onkelhermanns.at\/wp-content\/uploads\/2021\/08\/DSC_0898a-klein-Rahmen-1024x872.jpg 1024w, https:\/\/www.onkelhermanns.at\/wp-content\/uploads\/2021\/08\/DSC_0898a-klein-Rahmen-300x256.jpg 300w, https:\/\/www.onkelhermanns.at\/wp-content\/uploads\/2021\/08\/DSC_0898a-klein-Rahmen-768x654.jpg 768w, https:\/\/www.onkelhermanns.at\/wp-content\/uploads\/2021\/08\/DSC_0898a-klein-Rahmen-1536x1308.jpg 1536w, https:\/\/www.onkelhermanns.at\/wp-content\/uploads\/2021\/08\/DSC_0898a-klein-Rahmen.jpg 1882w\" sizes=\"auto, (max-width: 1024px) 100vw, 1024px\" \/><\/figure><\/div>\n\n\n\n<hr class=\"wp-block-coblocks-dynamic-separator has-background is-style-fullwidth\" style=\"color:#534839;height:70px\"\/>\n\n\n\n<div class=\"wp-block-media-text alignwide is-stacked-on-mobile is-style-default\" style=\"grid-template-columns:29% auto\"><figure class=\"wp-block-media-text__media\"><img loading=\"lazy\" decoding=\"async\" width=\"1024\" height=\"872\" src=\"https:\/\/www.onkelhermanns.at\/wp-content\/uploads\/2022\/07\/DSC_0381c-1024x872.jpg\" alt=\"\" class=\"wp-image-1344 size-full\" srcset=\"https:\/\/www.onkelhermanns.at\/wp-content\/uploads\/2022\/07\/DSC_0381c-1024x872.jpg 1024w, https:\/\/www.onkelhermanns.at\/wp-content\/uploads\/2022\/07\/DSC_0381c-300x256.jpg 300w, https:\/\/www.onkelhermanns.at\/wp-content\/uploads\/2022\/07\/DSC_0381c-768x654.jpg 768w, https:\/\/www.onkelhermanns.at\/wp-content\/uploads\/2022\/07\/DSC_0381c-1536x1308.jpg 1536w, https:\/\/www.onkelhermanns.at\/wp-content\/uploads\/2022\/07\/DSC_0381c.jpg 1882w\" sizes=\"auto, (max-width: 1024px) 100vw, 1024px\" \/><\/figure><div class=\"wp-block-media-text__content\">\n<p><\/p>\n\n\n\n<p style=\"font-size:18px\"><span class=\"uppercase\">K\u00dcRBISKERN\u00d6L 200ml <\/span><\/p>\n\n\n\n<p style=\"font-size:16px\">100% reines weinviertler K\u00fcrbiskern\u00f6l  mit vollem, nussigen Geschmack. Dank unseres perfektem Ausgie\u00dfers kann die Menge pr\u00e4zise dosiert werden und macht Salate, Suppen, Eisbecher &amp; Co zum Geschmachserlebnis.<\/p>\n<\/div><\/div>\n","protected":false},"excerpt":{"rendered":"<p>Hier stellen wir euch unsere erlesenen Produkte vor. Wo es diese zu kaufen gibt, erfahrt ihr in unserem Shop. Alle unsere K\u00fcrbiskerne wurden schonend ger\u00f6stet, h\u00e4ndisch ausselektiert, abgef\u00fcllt und auch etikettiert. K\u00fcrbiskerne ger\u00f6stet natur 100g Der nat\u00fcrliche Geschmack der K\u00fcrbiskerne mit feinem R\u00f6staroma &#8211; hier kommt die nussige Note besonders gut zur Geltung. K\u00fcrbiskerne ger\u00f6stet [&hellip;]<\/p>\n","protected":false},"author":1,"featured_media":0,"parent":0,"menu_order":0,"comment_status":"closed","ping_status":"closed","template":"","meta":{"_coblocks_attr":"AsapAsap,,Asap","_coblocks_dimensions":"","_coblocks_responsive_height":"","_coblocks_accordion_ie_support":"","footnotes":""},"class_list":["post-20","page","type-page","status-publish","hentry"],"_links":{"self":[{"href":"https:\/\/www.onkelhermanns.at\/index.php?rest_route=\/wp\/v2\/pages\/20","targetHints":{"allow":["GET"]}}],"collection":[{"href":"https:\/\/www.onkelhermanns.at\/index.php?rest_route=\/wp\/v2\/pages"}],"about":[{"href":"https:\/\/www.onkelhermanns.at\/index.php?rest_route=\/wp\/v2\/types\/page"}],"author":[{"embeddable":true,"href":"https:\/\/www.onkelhermanns.at\/index.php?rest_route=\/wp\/v2\/users\/1"}],"replies":[{"embeddable":true,"href":"https:\/\/www.onkelhermanns.at\/index.php?rest_route=%2Fwp%2Fv2%2Fcomments&post=20"}],"version-history":[{"count":61,"href":"https:\/\/www.onkelhermanns.at\/index.php?rest_route=\/wp\/v2\/pages\/20\/revisions"}],"predecessor-version":[{"id":1536,"href":"https:\/\/www.onkelhermanns.at\/index.php?rest_route=\/wp\/v2\/pages\/20\/revisions\/1536"}],"wp:attachment":[{"href":"https:\/\/www.onkelhermanns.at\/index.php?rest_route=%2Fwp%2Fv2%2Fmedia&parent=20"}],"curies":[{"name":"wp","href":"https:\/\/api.w.org\/{rel}","templated":true}]}}