{"id":1530,"date":"2024-11-29T21:35:28","date_gmt":"2024-11-29T20:35:28","guid":{"rendered":"https:\/\/www.onkelhermanns.at\/?page_id=1530"},"modified":"2024-12-03T22:30:17","modified_gmt":"2024-12-03T21:30:17","slug":"kellergarten-marille-zutaten","status":"publish","type":"page","link":"https:\/\/www.onkelhermanns.at\/?page_id=1530","title":{"rendered":"KELLERGARTEN MARILLE &#8211; Zutaten"},"content":{"rendered":"\n<p class=\"has-asap-font-family has-custom-font\" style=\"font-family:Asap;font-size:16px\"><\/p>\n\n\n\n<div class=\"wp-block-media-text is-stacked-on-mobile\" style=\"grid-template-columns:30% auto\"><figure class=\"wp-block-media-text__media\"><img loading=\"lazy\" decoding=\"async\" width=\"1024\" height=\"872\" src=\"https:\/\/www.onkelhermanns.at\/wp-content\/uploads\/2021\/08\/DSC_0898a-klein-Rahmen-1024x872.jpg\" alt=\"\" class=\"wp-image-1218 size-full\" srcset=\"https:\/\/www.onkelhermanns.at\/wp-content\/uploads\/2021\/08\/DSC_0898a-klein-Rahmen-1024x872.jpg 1024w, https:\/\/www.onkelhermanns.at\/wp-content\/uploads\/2021\/08\/DSC_0898a-klein-Rahmen-300x256.jpg 300w, https:\/\/www.onkelhermanns.at\/wp-content\/uploads\/2021\/08\/DSC_0898a-klein-Rahmen-768x654.jpg 768w, https:\/\/www.onkelhermanns.at\/wp-content\/uploads\/2021\/08\/DSC_0898a-klein-Rahmen-1536x1308.jpg 1536w, https:\/\/www.onkelhermanns.at\/wp-content\/uploads\/2021\/08\/DSC_0898a-klein-Rahmen.jpg 1882w\" sizes=\"auto, (max-width: 1024px) 100vw, 1024px\" \/><\/figure><div class=\"wp-block-media-text__content\">\n<p><\/p>\n\n\n\n<p class=\"has-asap-font-family has-custom-font\" style=\"font-family:Asap;font-size:16px\"><span class=\"uppercase\">Zutaten:<\/span> Marillen, Zucker, Geliermittel Pektin, S\u00e4uerungsmittel Zitronens\u00e4ure, Sorbins\u00e4ure; hergestellt aus 70g Fr\u00fcchte je 100g<br>Gesamtzuckergehalt 30g je 100g, <strong>70% Fruchtanteil<\/strong><\/p>\n\n\n\n<p class=\"has-asap-font-family has-custom-font\" style=\"font-family:Asap;font-size:16px\">Nach dem \u00d6ffnen gek\u00fchlt aufbewahren &amp; bald verbrauchen.<\/p>\n\n\n\n<p class=\"has-asap-font-family has-custom-font\" style=\"font-family:Asap;font-size:16px\">Mindestens haltbar bis: siehe Frischesiegel<\/p>\n<\/div><\/div>\n\n\n\n<p><\/p>\n","protected":false},"excerpt":{"rendered":"<p>Zutaten: Marillen, Zucker, Geliermittel Pektin, S\u00e4uerungsmittel Zitronens\u00e4ure, Sorbins\u00e4ure; hergestellt aus 70g Fr\u00fcchte je 100gGesamtzuckergehalt 30g je 100g, 70% Fruchtanteil Nach dem \u00d6ffnen gek\u00fchlt aufbewahren &amp; bald verbrauchen. Mindestens haltbar bis: siehe Frischesiegel<\/p>\n","protected":false},"author":3,"featured_media":0,"parent":0,"menu_order":0,"comment_status":"closed","ping_status":"closed","template":"","meta":{"_coblocks_attr":"Asap,Asap","_coblocks_dimensions":"","_coblocks_responsive_height":"","_coblocks_accordion_ie_support":"","footnotes":""},"class_list":["post-1530","page","type-page","status-publish","hentry"],"_links":{"self":[{"href":"https:\/\/www.onkelhermanns.at\/index.php?rest_route=\/wp\/v2\/pages\/1530","targetHints":{"allow":["GET"]}}],"collection":[{"href":"https:\/\/www.onkelhermanns.at\/index.php?rest_route=\/wp\/v2\/pages"}],"about":[{"href":"https:\/\/www.onkelhermanns.at\/index.php?rest_route=\/wp\/v2\/types\/page"}],"author":[{"embeddable":true,"href":"https:\/\/www.onkelhermanns.at\/index.php?rest_route=\/wp\/v2\/users\/3"}],"replies":[{"embeddable":true,"href":"https:\/\/www.onkelhermanns.at\/index.php?rest_route=%2Fwp%2Fv2%2Fcomments&post=1530"}],"version-history":[{"count":13,"href":"https:\/\/www.onkelhermanns.at\/index.php?rest_route=\/wp\/v2\/pages\/1530\/revisions"}],"predecessor-version":[{"id":1567,"href":"https:\/\/www.onkelhermanns.at\/index.php?rest_route=\/wp\/v2\/pages\/1530\/revisions\/1567"}],"wp:attachment":[{"href":"https:\/\/www.onkelhermanns.at\/index.php?rest_route=%2Fwp%2Fv2%2Fmedia&parent=1530"}],"curies":[{"name":"wp","href":"https:\/\/api.w.org\/{rel}","templated":true}]}}